{"id":59621,"date":"2024-06-11T11:53:20","date_gmt":"2024-06-11T09:53:20","guid":{"rendered":"https:\/\/rf-system.se\/anmalan-nyhetsbrev\/"},"modified":"2026-02-27T09:36:05","modified_gmt":"2026-02-27T07:36:05","slug":"newsletter-signup","status":"publish","type":"page","link":"https:\/\/rf-system.se\/en\/newsletter-signup\/","title":{"rendered":"Newsletter signup"},"content":{"rendered":"\t\t<div data-elementor-type=\"wp-page\" data-elementor-id=\"59621\" class=\"elementor elementor-59621 elementor-34881\" data-elementor-post-type=\"page\">\n\t\t\t\t<div class=\"elementor-element elementor-element-c8fae13 pt pb e-con-full full-width layout-flex e-flex e-con e-parent\" data-id=\"c8fae13\" data-element_type=\"container\" data-e-type=\"container\" data-settings=\"{&quot;background_background&quot;:&quot;classic&quot;}\">\n\t\t<div class=\"elementor-element elementor-element-04f4085 container e-con-full layout-flex e-flex e-con e-child\" data-id=\"04f4085\" data-element_type=\"container\" data-e-type=\"container\">\n\t\t\t\t<div class=\"elementor-element elementor-element-2bb65fa heading-no elementor-widget elementor-widget-heading\" data-id=\"2bb65fa\" data-element_type=\"widget\" data-e-type=\"widget\" data-widget_type=\"heading.default\">\n\t\t\t\t<div class=\"elementor-widget-container\">\n\t\t\t\t\t<h1 class=\"elementor-heading-title elementor-size-default\">Sign up for our newsletters and email updates<\/h1>\t\t\t\t<\/div>\n\t\t\t\t<\/div>\n\t\t\t\t<div class=\"elementor-element elementor-element-6cac723 elementor-widget elementor-widget-text-editor\" data-id=\"6cac723\" data-element_type=\"widget\" data-e-type=\"widget\" data-widget_type=\"text-editor.default\">\n\t\t\t\t<div class=\"elementor-widget-container\">\n\t\t\t\t\t\t\t\t\t<p>In our newsletters, you\u2019ll receive exciting news and other information from us at RF-System that may be of interest to you. By selecting what you\u2019re most interested in, we can easily tailor our email updates to what\u2019s most relevant for you.<\/p>\t\t\t\t\t\t\t\t<\/div>\n\t\t\t\t<\/div>\n\t\t\t\t<div class=\"elementor-element elementor-element-762b110 elementor-widget elementor-widget-html\" data-id=\"762b110\" data-element_type=\"widget\" data-e-type=\"widget\" data-widget_type=\"html.default\">\n\t\t\t\t<div class=\"elementor-widget-container\">\n\t\t\t\t\t<script type=\"text\/javascript\">function openTerms(id) {var terms = {\"1\":\"<h2>Integritetspolicy<\/h2>\\n\\n<h3>Personuppgiftspolicy<\/h3>\\n\\n<p>RF-System AB skulle vilja att du l\u00e4mnar vissa uppgifter om dig sj\u00e4lv till v\u00e5r verksamhet. Dina personuppgifter behandlas och sparas av oss f\u00f6r att vi ska kunna fullg\u00f6ra v\u00e5rt \u00e5tagande, ta kontakt eller ge den information som efterfr\u00e5gas. De personuppgifter som kan komma att behandlas \u00e4r fr\u00e4mst s\u00e5dan som du direkt eller indirekt l\u00e4mnar till oss n\u00e4r du tar en kontakt med oss.<\/p>\\n\\n<p>De uppgifter vi avser att samla in och behandla \u00e4r namn, telefonnummer och e-post. Du avg\u00f6r sj\u00e4lv om du vill l\u00e4mna n\u00e5gra uppgifter till oss. Uppgifterna kommer endast att behandlas av oss, och i de fall vi \u00e4r beroende av annan part f\u00f6r att genomf\u00f6ra leverans kommer de att kunna behandla dessa. Vi avser att behandla uppgifterna s\u00e5 l\u00e4nge du \u00e4r kund eller \u00f6nskar att ta del av v\u00e5r information eller erbjudanden.<\/p>\\n\\n<p>Du har enligt 26 \u00a7 personuppgiftslagen (1998:204) r\u00e4tt att gratis, en g\u00e5ng per kalender\u00e5r, efter skriftligt undertecknad ans\u00f6kan st\u00e4lld till oss, f\u00e5 besked om vilka personuppgifter om dig som vi behandlar och hur vi behandlar dessa. Du har ocks\u00e5 r\u00e4tt att enligt 28 \u00a7 personuppgiftslagen beg\u00e4ra r\u00e4ttelse i fr\u00e5ga om personuppgifter som vi behandlar om dig. Du har ocks\u00e5 alltid r\u00e4tt att skriftligen \u00e5terkalla l\u00e4mnade samtycken. Anser du att dina personuppgifter har behandlats felaktig har du m\u00f6jlighet att l\u00e4mna klagom\u00e5l till tillsynsmyndigheten (Datainspektionen).<\/p>\\n\\n<h3>Nyhetsbrev<\/h3>\\n\\n<p>Genom att registrera en prenumeration samtycker du till v\u00e5r policy kring nyhetsbrev. Du kommer att f\u00e5 nyhetsbrev och\/eller inbjudningar via e-post fr\u00e5n oss p\u00e5 RF-System AB. De personuppgifter vi samlar in om dig \u00e4r din e-postadress, och den kommer inte anv\u00e4ndas f\u00f6r n\u00e5gra andra \u00e4ndam\u00e5l \u00e4n v\u00e5ra nyhetsutskick.<\/p>\\n\\n<p>RF-System AB kommer inte l\u00e4mna ut din persondata till n\u00e5gon tredje part \u00e4n v\u00e5rt underbitr\u00e4de Send in Blue, som vi anv\u00e4nder f\u00f6r nyhetsbreven. Du kan n\u00e4r som helst avregistrera dig fr\u00e5n fortsatta utskick och r\u00e4tta de uppgifter vi sparar om dig via en avregistreringsl\u00e4nk i nyhetsbreven.<\/p>\\n\\n<h3>V\u00e5r policy f\u00f6r cookies<\/h3>\\n\\n<p>https:\/\/rf-system.se som \u00e4r v\u00e5r publika webbplats kan i likhet med m\u00e5nga andra webbplatser lagra eller h\u00e4mta information i din webbl\u00e4sare, oftast i form av cookies. Denna information som kan handla om dig, dina intressen eller din Internetenhet (dator, surfplatta eller mobil) anv\u00e4nds i huvudsak f\u00f6r att webbplatsen ska fungera som du f\u00f6rv\u00e4ntar dig och ge dig en mera personlig upplevelse av webben, samt f\u00f6r att minnas dina tidigare val.<\/p>\\n\\n<h3>Cookies f\u00f6r prestanda<\/h3>\\n\\n<p>Med hj\u00e4lp av dessa cookies f\u00e5r vi reda p\u00e5 hur bes\u00f6karna anv\u00e4nder webbplatsen, s\u00e5 att vi kan bed\u00f6ma hur den fungerar och g\u00f6ra f\u00f6rb\u00e4ttringar. Vi kan exempelvis ta reda p\u00e5 vilka webbsidor som \u00e4r mest och minst popul\u00e4ra med hj\u00e4lp av dessa cookies. De m\u00e4ter antalet bes\u00f6kare, hur l\u00e5ng tid bes\u00f6karna tillbringar p\u00e5 webbplatsen och hur de hittar den. Vi f\u00e5r veta vad vi \u00e4r bra p\u00e5 och vad vi kan g\u00f6ra b\u00e4ttre, samt kan s\u00e4kerst\u00e4lla att sidorna l\u00e4ses in snabbare och visas p\u00e5 ett korrekt s\u00e4tt. Vi anv\u00e4nder oss ocks\u00e5 av pixeltaggar f\u00f6r att jobba med segmenterad marknadsf\u00f6ring. P\u00e5 s\u00e5 s\u00e4tt kan vi s\u00e4kerst\u00e4lla att du som anv\u00e4ndare n\u00e5s av relevant information fr\u00e5n oss.<\/p>\\n\\n<p>All information som samlas in av dessa cookies \u00e4r anonym och inte kopplad till n\u00e5gon personlig information om dig.<\/p>\\n\\n<h3>V\u00e4lja bort cookies<\/h3>\\n\\n<p>Om v\u00e5r anv\u00e4ndning av cookies \u00e4r problematisk f\u00f6r dig kan du vidta \u00e5tg\u00e4rder f\u00f6r att de inte ska till\u00e4mpas. Du kan \u00e4ven \u00e4ndra inst\u00e4llningarna i din webbl\u00e4sare s\u00e5 att vissa typer av cookies blockeras.<\/p>\\n\\n<p>Om du vill ha mer information om hur detta g\u00e5r till, kan du s\u00f6ka i webbl\u00e4sarens hj\u00e4lpinformation.<\/p>\",\"2\":null,\"3\":null,\"4\":null,\"5\":\"<strong>Privacy policy<\/strong><br \/>\\n<br \/>\\nPersonal data policy<br \/>\\nRF-System AB would like you to provide certain information about yourself to our business. Your personal data is processed and saved by us so that we can fulfill our commitment, make contact or provide the information requested. The personal data that may be processed is primarily that which you directly or indirectly provide to us when you contact us.<br \/>\\n<br \/>\\nThe information we intend to collect and process is name, telephone number and e-mail. You decide for yourself whether you want to provide us with any information. The data will only be processed by us, and in cases where we are dependent on another party to carry out delivery, they will be able to process these. We intend to process the data as long as you are a customer or wish to take part in our information or offers.<br \/>\\n<br \/>\\nAccording to Section 26 of the Personal Data Act (1998:204), you have the right to receive information free of charge, once per calendar year, after a written and signed application has been sent to us, about which personal data about you we process and how we process it. You also have the right, according to \u00a7 28 of the Personal Data Act, to request rectification regarding personal data that we process about you. You also always have the right to revoke given consent in writing. If you believe that your personal data has been processed incorrectly, you have the option of submitting a complaint to the supervisory authority (Datainspektionen).<br \/>\\n<br \/>\\nNewsletter<br \/>\\nBy registering a subscription, you agree to our newsletter policy. You will receive newsletters and\/or invitations via e-mail from us at RF-System AB. The personal data we collect about you is your email address, and it will not be used for any purposes other than our newsletters.<br \/>\\n<br \/>\\nRF-System AB will not disclose your personal data to any third party other than our subsidiary Send in Blue, which we use for the newsletters. You can unsubscribe at any time from further mailings and correct the data we save about you via an unsubscribe link in the newsletters.<br \/>\\n<br \/>\\nOur policy for cookies<br \/>\\nhttps:\/\/rf-system.se, which is our public website, can, like many other websites, store or retrieve information in your browser, usually in the form of cookies. This information, which may be about you, your interests or your Internet device (computer, tablet or mobile), is mainly used for the website to function as you expect and to give you a more personal experience of the web, as well as to remember your previous choices.<br \/>\\n<br \/>\\nCookies for performance<br \/>\\nWith the help of these cookies, we find out how visitors use the website, so that we can assess how it works and make improvements. For example, we can find out which web pages are the most and least popular with the help of these cookies. They measure the number of visitors, how long visitors spend on the website and how they find it. We get to know what we are good at and what we can do better, and can ensure that the pages load faster and are displayed correctly. We also use pixel tags to work with segmented marketing. In this way, we can ensure that you as a user are reached by relevant information from us.<br \/>\\n<br \/>\\nAll information collected by these cookies is anonymous and not linked to any personal information about you.<br \/>\\n<br \/>\\nOpt out of cookies<br \/>\\nIf our use of cookies is problematic for you, you can take steps to prevent them from being applied. You can also change the settings in your browser so that certain types of cookies are blocked.<br \/>\\n<br \/>\\nIf you want more information on how this is done, you can search your browser\u2019s help information.\"};var preview = window.open(\"\", \"\", \"height=700,width=800,scrollbars=yes,resizable=yes,toolbar=no,status=no,menu=no,titlebar=no,location=no,addressbar=no\");var html=\"<head><meta charset=\\\"UTF-8\\\"><style>body {margin: 0; padding: 20px;color: #333;font-family: Helvetica;font-size: 14px;}<\/style><\/head><body>\" + terms[id] + \"<\/body>\";preview.document.write(html);}<\/script><form id=\"up-form\" name=\"form_1000716u150a281b4c244b6abc1376b8a57f0519\" action=\"https:\/\/power.upsales.com\/api\/external\/formSubmit\" method=\"POST\"><div><label>Firstname *<\/label><br><input maxlength=\"512\" type=\"text\" placeholder=\"Firstname\" id=\"up-firstname-input\" autocomplete=\"given-name\" name=\"Contact.firstname\" required=\"required\"><\/div><div><label>Lastname *<\/label><br><input maxlength=\"512\" type=\"text\" placeholder=\"Lastname\" id=\"up-lastname-input\" autocomplete=\"family-name\" name=\"Contact.lastname\" required=\"required\"><\/div><div><label>Email | Company<\/label><br><input maxlength=\"512\" type=\"text\" placeholder=\"name@email.com\" name=\"Client.custom_16\"><\/div><div class=\"email\"><label>Email | Contact Person *<\/label><br><input maxlength=\"512\" type=\"email\" placeholder=\"name@email.com\" pattern=\"^[a-zA-Z0-9.!#$%&amp;\u2019*+\\\/=?^_`{|}~-]+@[a-zA-Z0-9-]+(?:\\.[a-zA-Z0-9-]+){1,}$\" title=\"Please enter a valid email\" id=\"up-email-input\" autocomplete=\"email\" name=\"Contact.email\" required=\"required\"><\/div><div><label>Company *<\/label><br><input maxlength=\"512\" type=\"text\" placeholder=\"Company name\" id=\"up-client-name-input\" autocomplete=\"organization\" name=\"Client.name\" required=\"required\"><\/div><div><label>I am interested in: *<\/label><br><select name=\"Contact.custom_2\" required=\"required\"><option><\/option><option value=\"Railway\">Railway<\/option><option value=\"Demolition &amp; Recycling\">Demolition &amp; Recycling<\/option><option value=\"Construction &amp; Civil Engineering\">Construction &amp; Civil Engineering<\/option><option value=\"All\">All<\/option><\/select><\/div><div class=\"form-group\" style=\"display: flex;\"><input type=\"checkbox\" value=\"on\" name=\"singleOptIn.bxvgmqb94d\" style=\"margin: auto 7px auto 0px;\" required=\"required\"><label class=\"opt-in-label\"><a class=\"up-unstyled-element\" href=\"javascript:openTerms(5);\">I accept the terms<\/a> <span class=\"text-danger\">*<\/span><\/label> <\/div><!-- REQUIRED FIELDS --><input type=\"hidden\" name=\"formCid\" value=\"1000716\"><input type=\"hidden\" name=\"formId\" value=\"1000716u150a281b4c244b6abc1376b8a57f0519\"><input type=\"hidden\" name=\"isFrame\" value=\"false\"><input type=\"text\" value=\"\" name=\"validation\" style=\"display: none;\"><!-- END OF REQUIRED FIELDS --><div class=\"submit-button\"><button type=\"submit\">Send<\/button><\/div><\/form><script src=\"https:\/\/img.upsales.com\/rUyX91QYWqMqKNRbluuPJw==\/be.js\"><\/script><script>function onSubmit(e){var t;\"function\"!=typeof window._bEmValid||!0===window.__validEmail?validateForm(e,\"https:\/\/rf-system.se\/en\/newsletter-signup\/thanks\/\"):(e.preventDefault(),t=setInterval(function(){void 0!==window.__validEmail&&(clearInterval(t),!0===window.__validEmail)&&validateForm(e,\"https:\/\/rf-system.se\/en\/newsletter-signup\/thanks\/\")},300))}function validateForm(e,n){e.preventDefault();for(var e=document.getElementsByName(\"formId\")[0].value,e=document.forms[\"form_\"+e],t=e.querySelectorAll(\"input, textarea, select\"),o=0;o<t.length;o++)\"text\"===t[o].type&&(t[o].value=t[o].value.trim());var a=e.querySelectorAll(\"input[name*=phone], input[name*=Phone]\");if([].forEach.call(a,function(e){e.iti&&(e.value=e.iti.getNumber())}),void 0===window.grecaptcha||\"\"!==window.grecaptcha.getResponse()){for(var s=[],o=0;o<t.length;o++)\"checkbox\"===t[o].type?s.push(t[o].name+\"=\"+encodeURIComponent(t[o].checked?t[o].value:\"off\")):s.push(t[o].name+\"=\"+encodeURIComponent(t[o].value));var a=s.join(\"&\"),l=(a+=\"&isAjax=true\",window._paq||null),r=new XMLHttpRequest;r.open(\"POST\",e.action),r.setRequestHeader(\"Content-Type\",\"application\/x-www-form-urlencoded\"),r.send(a),r.onload=function(){var e,t;200===r.status?n?(l&&l.push&&l.push([\"trackLink\",\"https:\/\/post.upsales.com\/\"+r.responseText,\"link\"]),\"undefined\"!=typeof _uaq&&_uaq(\"form=\"+r.responseText),setTimeout(function(){window.top.location.href=n},333)):(e=document.getElementById(\"up-form\"),t=document.getElementById(\"up-form-thanks\"),e.style.display=\"none\",t.style.display=\"block\",l&&l.push&&l.push([\"trackLink\",\"https:\/\/post.upsales.com\/\"+r.responseText,\"link\"]),_uaq&&_uaq(\"form=\"+r.responseText)):console.log(\"AJAX ERROR\",r.status)}}else{e=document.getElementById(\"recaptcha-error\"),a=document.getElementsByClassName(\"g-recaptcha\");e.style.display=\"none\",a&&a.length&&console.log(\"handle this later\")}}var form=document.getElementById(\"up-form\");form.addEventListener(\"submit\",onSubmit);<\/script>\t\t\t\t<\/div>\n\t\t\t\t<\/div>\n\t\t\t\t<\/div>\n\t\t\t\t<\/div>\n\t\t\t\t<\/div>\n\t\t","protected":false},"excerpt":{"rendered":"<p>Sign up for our newsletters and email updates In our newsletters, you\u2019ll receive exciting news and other information from us at RF-System that may be of interest to you. By selecting what you\u2019re most interested in, we can easily tailor our email updates to what\u2019s most relevant for you. Firstname *Lastname *Email | CompanyEmail | [&hellip;]<\/p>\n","protected":false},"author":1,"featured_media":0,"parent":0,"menu_order":4,"comment_status":"closed","ping_status":"closed","template":"","meta":{"_acf_changed":false,"footnotes":""},"class_list":["post-59621","page","type-page","status-publish","hentry"],"acf":[],"yoast_head":"<!-- This site is optimized with the Yoast SEO plugin v27.3 - https:\/\/yoast.com\/product\/yoast-seo-wordpress\/ -->\n<title>Newsletter signup - RF-system<\/title>\n<meta name=\"robots\" content=\"index, follow, max-snippet:-1, max-image-preview:large, max-video-preview:-1\" \/>\n<link rel=\"canonical\" href=\"https:\/\/rf-system.se\/en\/newsletter-signup\/\" \/>\n<meta property=\"og:locale\" content=\"en_US\" \/>\n<meta property=\"og:type\" content=\"article\" \/>\n<meta property=\"og:title\" content=\"Newsletter signup - RF-system\" \/>\n<meta property=\"og:description\" content=\"Sign up for our newsletters and email updates In our newsletters, you\u2019ll receive exciting news and other information from us at RF-System that may be of interest to you. By selecting what you\u2019re most interested in, we can easily tailor our email updates to what\u2019s most relevant for you. Firstname *Lastname *Email | CompanyEmail | [&hellip;]\" \/>\n<meta property=\"og:url\" content=\"https:\/\/rf-system.se\/en\/newsletter-signup\/\" \/>\n<meta property=\"og:site_name\" content=\"RF-system\" \/>\n<meta property=\"article:publisher\" content=\"https:\/\/www.facebook.com\/rfsystemab\" \/>\n<meta property=\"article:modified_time\" content=\"2026-02-27T07:36:05+00:00\" \/>\n<meta name=\"twitter:card\" content=\"summary_large_image\" \/>\n<meta name=\"twitter:label1\" content=\"Est. reading time\" \/>\n\t<meta name=\"twitter:data1\" content=\"1 minute\" \/>\n<script type=\"application\/ld+json\" class=\"yoast-schema-graph\">{\"@context\":\"https:\\\/\\\/schema.org\",\"@graph\":[{\"@type\":\"WebPage\",\"@id\":\"https:\\\/\\\/rf-system.se\\\/en\\\/newsletter-signup\\\/\",\"url\":\"https:\\\/\\\/rf-system.se\\\/en\\\/newsletter-signup\\\/\",\"name\":\"Newsletter signup - RF-system\",\"isPartOf\":{\"@id\":\"https:\\\/\\\/rf-system.se\\\/en\\\/#website\"},\"datePublished\":\"2024-06-11T09:53:20+00:00\",\"dateModified\":\"2026-02-27T07:36:05+00:00\",\"breadcrumb\":{\"@id\":\"https:\\\/\\\/rf-system.se\\\/en\\\/newsletter-signup\\\/#breadcrumb\"},\"inLanguage\":\"en-US\",\"potentialAction\":[{\"@type\":\"ReadAction\",\"target\":[\"https:\\\/\\\/rf-system.se\\\/en\\\/newsletter-signup\\\/\"]}]},{\"@type\":\"BreadcrumbList\",\"@id\":\"https:\\\/\\\/rf-system.se\\\/en\\\/newsletter-signup\\\/#breadcrumb\",\"itemListElement\":[{\"@type\":\"ListItem\",\"position\":1,\"name\":\"Hem\",\"item\":\"https:\\\/\\\/rf-system.se\\\/en\\\/\"},{\"@type\":\"ListItem\",\"position\":2,\"name\":\"Newsletter signup\"}]},{\"@type\":\"WebSite\",\"@id\":\"https:\\\/\\\/rf-system.se\\\/en\\\/#website\",\"url\":\"https:\\\/\\\/rf-system.se\\\/en\\\/\",\"name\":\"RF-system\",\"description\":\"\",\"publisher\":{\"@id\":\"https:\\\/\\\/rf-system.se\\\/en\\\/#organization\"},\"potentialAction\":[{\"@type\":\"SearchAction\",\"target\":{\"@type\":\"EntryPoint\",\"urlTemplate\":\"https:\\\/\\\/rf-system.se\\\/en\\\/?s={search_term_string}\"},\"query-input\":{\"@type\":\"PropertyValueSpecification\",\"valueRequired\":true,\"valueName\":\"search_term_string\"}}],\"inLanguage\":\"en-US\"},{\"@type\":\"Organization\",\"@id\":\"https:\\\/\\\/rf-system.se\\\/en\\\/#organization\",\"name\":\"RF-system\",\"url\":\"https:\\\/\\\/rf-system.se\\\/en\\\/\",\"logo\":{\"@type\":\"ImageObject\",\"inLanguage\":\"en-US\",\"@id\":\"https:\\\/\\\/rf-system.se\\\/en\\\/#\\\/schema\\\/logo\\\/image\\\/\",\"url\":\"https:\\\/\\\/rf-system.se\\\/wp-content\\\/uploads\\\/2022\\\/12\\\/RF-logo.svg\",\"contentUrl\":\"https:\\\/\\\/rf-system.se\\\/wp-content\\\/uploads\\\/2022\\\/12\\\/RF-logo.svg\",\"width\":271,\"height\":77,\"caption\":\"RF-system\"},\"image\":{\"@id\":\"https:\\\/\\\/rf-system.se\\\/en\\\/#\\\/schema\\\/logo\\\/image\\\/\"},\"sameAs\":[\"https:\\\/\\\/www.facebook.com\\\/rfsystemab\",\"https:\\\/\\\/www.instagram.com\\\/rf_system\\\/\",\"https:\\\/\\\/www.linkedin.com\\\/company\\\/rf-system-ab\\\/\"]}]}<\/script>\n<!-- \/ Yoast SEO plugin. -->","yoast_head_json":{"title":"Newsletter signup - RF-system","robots":{"index":"index","follow":"follow","max-snippet":"max-snippet:-1","max-image-preview":"max-image-preview:large","max-video-preview":"max-video-preview:-1"},"canonical":"https:\/\/rf-system.se\/en\/newsletter-signup\/","og_locale":"en_US","og_type":"article","og_title":"Newsletter signup - RF-system","og_description":"Sign up for our newsletters and email updates In our newsletters, you\u2019ll receive exciting news and other information from us at RF-System that may be of interest to you. By selecting what you\u2019re most interested in, we can easily tailor our email updates to what\u2019s most relevant for you. Firstname *Lastname *Email | CompanyEmail | [&hellip;]","og_url":"https:\/\/rf-system.se\/en\/newsletter-signup\/","og_site_name":"RF-system","article_publisher":"https:\/\/www.facebook.com\/rfsystemab","article_modified_time":"2026-02-27T07:36:05+00:00","twitter_card":"summary_large_image","twitter_misc":{"Est. reading time":"1 minute"},"schema":{"@context":"https:\/\/schema.org","@graph":[{"@type":"WebPage","@id":"https:\/\/rf-system.se\/en\/newsletter-signup\/","url":"https:\/\/rf-system.se\/en\/newsletter-signup\/","name":"Newsletter signup - RF-system","isPartOf":{"@id":"https:\/\/rf-system.se\/en\/#website"},"datePublished":"2024-06-11T09:53:20+00:00","dateModified":"2026-02-27T07:36:05+00:00","breadcrumb":{"@id":"https:\/\/rf-system.se\/en\/newsletter-signup\/#breadcrumb"},"inLanguage":"en-US","potentialAction":[{"@type":"ReadAction","target":["https:\/\/rf-system.se\/en\/newsletter-signup\/"]}]},{"@type":"BreadcrumbList","@id":"https:\/\/rf-system.se\/en\/newsletter-signup\/#breadcrumb","itemListElement":[{"@type":"ListItem","position":1,"name":"Hem","item":"https:\/\/rf-system.se\/en\/"},{"@type":"ListItem","position":2,"name":"Newsletter signup"}]},{"@type":"WebSite","@id":"https:\/\/rf-system.se\/en\/#website","url":"https:\/\/rf-system.se\/en\/","name":"RF-system","description":"","publisher":{"@id":"https:\/\/rf-system.se\/en\/#organization"},"potentialAction":[{"@type":"SearchAction","target":{"@type":"EntryPoint","urlTemplate":"https:\/\/rf-system.se\/en\/?s={search_term_string}"},"query-input":{"@type":"PropertyValueSpecification","valueRequired":true,"valueName":"search_term_string"}}],"inLanguage":"en-US"},{"@type":"Organization","@id":"https:\/\/rf-system.se\/en\/#organization","name":"RF-system","url":"https:\/\/rf-system.se\/en\/","logo":{"@type":"ImageObject","inLanguage":"en-US","@id":"https:\/\/rf-system.se\/en\/#\/schema\/logo\/image\/","url":"https:\/\/rf-system.se\/wp-content\/uploads\/2022\/12\/RF-logo.svg","contentUrl":"https:\/\/rf-system.se\/wp-content\/uploads\/2022\/12\/RF-logo.svg","width":271,"height":77,"caption":"RF-system"},"image":{"@id":"https:\/\/rf-system.se\/en\/#\/schema\/logo\/image\/"},"sameAs":["https:\/\/www.facebook.com\/rfsystemab","https:\/\/www.instagram.com\/rf_system\/","https:\/\/www.linkedin.com\/company\/rf-system-ab\/"]}]}},"_links":{"self":[{"href":"https:\/\/rf-system.se\/en\/wp-json\/wp\/v2\/pages\/59621","targetHints":{"allow":["GET"]}}],"collection":[{"href":"https:\/\/rf-system.se\/en\/wp-json\/wp\/v2\/pages"}],"about":[{"href":"https:\/\/rf-system.se\/en\/wp-json\/wp\/v2\/types\/page"}],"author":[{"embeddable":true,"href":"https:\/\/rf-system.se\/en\/wp-json\/wp\/v2\/users\/1"}],"replies":[{"embeddable":true,"href":"https:\/\/rf-system.se\/en\/wp-json\/wp\/v2\/comments?post=59621"}],"version-history":[{"count":7,"href":"https:\/\/rf-system.se\/en\/wp-json\/wp\/v2\/pages\/59621\/revisions"}],"predecessor-version":[{"id":59642,"href":"https:\/\/rf-system.se\/en\/wp-json\/wp\/v2\/pages\/59621\/revisions\/59642"}],"wp:attachment":[{"href":"https:\/\/rf-system.se\/en\/wp-json\/wp\/v2\/media?parent=59621"}],"curies":[{"name":"wp","href":"https:\/\/api.w.org\/{rel}","templated":true}]}}